{"id":14,"date":"2014-11-23T17:37:56","date_gmt":"2014-11-23T15:37:56","guid":{"rendered":"http:\/\/www.frank-semrau.de\/?page_id=14"},"modified":"2022-02-11T17:52:41","modified_gmt":"2022-02-11T15:52:41","slug":"business","status":"publish","type":"page","link":"https:\/\/www.frank-semrau.de\/?page_id=14","title":{"rendered":"Business"},"content":{"rendered":"<p>Im&nbsp;<b>&nbsp;Business Coaching<\/b>&nbsp;geht es um Anliegen wie<\/p>\n<ul>\n<li>Work-Life-Balance<\/li>\n<li>Entscheidungen treffen<\/li>\n<li>berufliche Umorientierung<\/li>\n<li>Pers\u00f6nlichkeitsentwicklung<\/li>\n<\/ul>\n<p>&nbsp;<\/p>\n<p><b>Ich biete Ihnen an:<\/b><\/p>\n<ul>\n<li>Berufliches Coaching<\/li>\n<li>Individuelles Selbstmanagement<\/li>\n<li>Pers\u00f6nlichkeitsentwicklung mit St\u00e4rken- und Schw\u00e4chenanalyse<\/li>\n<li>Bewerbungstraining mit Karriereplanung<\/li>\n<\/ul>\n<p>&nbsp;<\/p>\n<p><b>Hier einige typische Fragestellungen und Themen:<\/b><\/p>\n<ul>\n<li>Wohin m\u00f6chte ich mich beruflich entwickeln?<\/li>\n<li>Ein neuer Chef \u2013 was nun?<\/li>\n<li>Im Team l\u00e4uft\u2019s nicht rund, woran liegt&#8217;s?<\/li>\n<li>Wie kann ich nach der Arbeit abschalten?<\/li>\n<li>Was kann ich eigentlich gut? Und was nicht?<\/li>\n<li>Gut vorbereitet in Gehaltsverhandlungen!<\/li>\n<li>Wie bekomme ich meinen Traumjob?<\/li>\n<li>Wie wirke ich kompetent und souver\u00e4n?<\/li>\n<li>Hilfe, wir strukturieren um \u2013 und was mache ich?<\/li>\n<li>Meine ersten 100 Tage als F\u00fchrungskraft<\/li>\n<\/ul>\n<p>Ihre Themen k\u00f6nnen sein:<\/p>\n<p>\u2022 F\u00fchrungskr\u00e4fte-Coaching (nur in Einzelcoachings)<\/p>\n<p>\u2022 Team- und Organisations-Beratung bei Umorganisation, Team-Konflikten, Optimierungsma\u00dfnahmen<\/p>\n<p>\u2022 Ziel- und Zeitmanagment-Seminare oder pers\u00f6nliches Coaching<\/p>\n<p>&nbsp;<\/p>\n<p><b>Firmencoachings<\/b> werden mit Ihnen zusammen nach Ihren W\u00fcnschen als Gruppen- oder Einzelcoachings konzipiert.<\/p>\n<p>Bitte sprechen Sie mich an.<\/p>\n","protected":false},"excerpt":{"rendered":"<p>Im&nbsp;&nbsp;Business Coaching&nbsp;geht es um Anliegen wie Work-Life-Balance Entscheidungen treffen berufliche Umorientierung Pers\u00f6nlichkeitsentwicklung &nbsp; Ich biete Ihnen an: Berufliches Coaching Individuelles Selbstmanagement Pers\u00f6nlichkeitsentwicklung mit St\u00e4rken- und Schw\u00e4chenanalyse Bewerbungstraining mit Karriereplanung &nbsp; Hier einige typische Fragestellungen und Themen: Wohin m\u00f6chte ich mich beruflich entwickeln? Ein neuer Chef \u2013 was nun? Im Team l\u00e4uft\u2019s nicht rund, woran liegt&#8217;s? [&hellip;]<\/p>\n","protected":false},"author":48,"featured_media":0,"parent":8,"menu_order":0,"comment_status":"closed","ping_status":"open","template":"","meta":{"ocean_post_layout":"","ocean_both_sidebars_style":"","ocean_both_sidebars_content_width":0,"ocean_both_sidebars_sidebars_width":0,"ocean_sidebar":"0","ocean_second_sidebar":"0","ocean_disable_margins":"enable","ocean_add_body_class":"","ocean_shortcode_before_top_bar":"","ocean_shortcode_after_top_bar":"","ocean_shortcode_before_header":"","ocean_shortcode_after_header":"","ocean_has_shortcode":"","ocean_shortcode_after_title":"","ocean_shortcode_before_footer_widgets":"","ocean_shortcode_after_footer_widgets":"","ocean_shortcode_before_footer_bottom":"","ocean_shortcode_after_footer_bottom":"","ocean_display_top_bar":"off","ocean_display_header":"default","ocean_header_style":"","ocean_center_header_left_menu":"0","ocean_custom_header_template":"0","ocean_custom_logo":0,"ocean_custom_retina_logo":0,"ocean_custom_logo_max_width":0,"ocean_custom_logo_tablet_max_width":0,"ocean_custom_logo_mobile_max_width":0,"ocean_custom_logo_max_height":0,"ocean_custom_logo_tablet_max_height":0,"ocean_custom_logo_mobile_max_height":0,"ocean_header_custom_menu":"0","ocean_menu_typo_font_family":"0","ocean_menu_typo_font_subset":"","ocean_menu_typo_font_size":0,"ocean_menu_typo_font_size_tablet":0,"ocean_menu_typo_font_size_mobile":0,"ocean_menu_typo_font_size_unit":"px","ocean_menu_typo_font_weight":"","ocean_menu_typo_font_weight_tablet":"","ocean_menu_typo_font_weight_mobile":"","ocean_menu_typo_transform":"","ocean_menu_typo_transform_tablet":"","ocean_menu_typo_transform_mobile":"","ocean_menu_typo_line_height":0,"ocean_menu_typo_line_height_tablet":0,"ocean_menu_typo_line_height_mobile":0,"ocean_menu_typo_line_height_unit":"","ocean_menu_typo_spacing":0,"ocean_menu_typo_spacing_tablet":0,"ocean_menu_typo_spacing_mobile":0,"ocean_menu_typo_spacing_unit":"","ocean_menu_link_color":"","ocean_menu_link_color_hover":"","ocean_menu_link_color_active":"","ocean_menu_link_background":"","ocean_menu_link_hover_background":"","ocean_menu_link_active_background":"","ocean_menu_social_links_bg":"","ocean_menu_social_hover_links_bg":"","ocean_menu_social_links_color":"","ocean_menu_social_hover_links_color":"","ocean_disable_title":"on","ocean_disable_heading":"default","ocean_post_title":"","ocean_post_subheading":"","ocean_post_title_style":"","ocean_post_title_background_color":"","ocean_post_title_background":0,"ocean_post_title_bg_image_position":"","ocean_post_title_bg_image_attachment":"","ocean_post_title_bg_image_repeat":"","ocean_post_title_bg_image_size":"","ocean_post_title_height":0,"ocean_post_title_bg_overlay":0.5,"ocean_post_title_bg_overlay_color":"","ocean_disable_breadcrumbs":"default","ocean_breadcrumbs_color":"","ocean_breadcrumbs_separator_color":"","ocean_breadcrumbs_links_color":"","ocean_breadcrumbs_links_hover_color":"","ocean_display_footer_widgets":"default","ocean_display_footer_bottom":"default","ocean_custom_footer_template":"0","footnotes":""},"class_list":["post-14","page","type-page","status-publish","hentry","entry"],"_links":{"self":[{"href":"https:\/\/www.frank-semrau.de\/index.php?rest_route=\/wp\/v2\/pages\/14","targetHints":{"allow":["GET"]}}],"collection":[{"href":"https:\/\/www.frank-semrau.de\/index.php?rest_route=\/wp\/v2\/pages"}],"about":[{"href":"https:\/\/www.frank-semrau.de\/index.php?rest_route=\/wp\/v2\/types\/page"}],"author":[{"embeddable":true,"href":"https:\/\/www.frank-semrau.de\/index.php?rest_route=\/wp\/v2\/users\/48"}],"replies":[{"embeddable":true,"href":"https:\/\/www.frank-semrau.de\/index.php?rest_route=%2Fwp%2Fv2%2Fcomments&post=14"}],"version-history":[{"count":5,"href":"https:\/\/www.frank-semrau.de\/index.php?rest_route=\/wp\/v2\/pages\/14\/revisions"}],"predecessor-version":[{"id":162,"href":"https:\/\/www.frank-semrau.de\/index.php?rest_route=\/wp\/v2\/pages\/14\/revisions\/162"}],"up":[{"embeddable":true,"href":"https:\/\/www.frank-semrau.de\/index.php?rest_route=\/wp\/v2\/pages\/8"}],"wp:attachment":[{"href":"https:\/\/www.frank-semrau.de\/index.php?rest_route=%2Fwp%2Fv2%2Fmedia&parent=14"}],"curies":[{"name":"wp","href":"https:\/\/api.w.org\/{rel}","templated":true}]}}