{"id":2,"date":"2014-10-29T15:45:42","date_gmt":"2014-10-29T15:45:42","guid":{"rendered":"http:\/\/subdev-semrau-website.local\/?page_id=2"},"modified":"2022-02-11T18:28:22","modified_gmt":"2022-02-11T16:28:22","slug":"beispiel-seite","status":"publish","type":"page","link":"https:\/\/www.frank-semrau.de\/","title":{"rendered":"Home"},"content":{"rendered":"<style>\/*! elementor - v3.5.5 - 03-02-2022 *\/\n.elementor-widget-image{text-align:center}.elementor-widget-image a{display:inline-block}.elementor-widget-image a img[src$=\".svg\"]{width:48px}.elementor-widget-image img{vertical-align:middle;display:inline-block}<\/style>\n<p>\t\t\t\t\t\t\t\t\t\t\t\t<img decoding=\"async\" width=\"1024\" height=\"427\" src=\"https:\/\/www.frank-semrau.de\/wp-content\/uploads\/shutterstock_143319142_3mal_zuschneiden-1024x427.jpg\" alt=\"\" loading=\"lazy\" srcset=\"https:\/\/www.frank-semrau.de\/wp-content\/uploads\/shutterstock_143319142_3mal_zuschneiden-1024x427.jpg 1024w, https:\/\/www.frank-semrau.de\/wp-content\/uploads\/shutterstock_143319142_3mal_zuschneiden-500x208.jpg 500w, https:\/\/www.frank-semrau.de\/wp-content\/uploads\/shutterstock_143319142_3mal_zuschneiden-300x125.jpg 300w, https:\/\/www.frank-semrau.de\/wp-content\/uploads\/shutterstock_143319142_3mal_zuschneiden-200x83.jpg 200w, https:\/\/www.frank-semrau.de\/wp-content\/uploads\/shutterstock_143319142_3mal_zuschneiden.jpg 1496w\" sizes=\"auto, (max-width: 1024px) 100vw, 1024px\" \/><br \/>\n\t\t<strong>Sch\u00f6n, dass Sie mich gefunden haben!<\/strong><br \/>\nSie m\u00f6chten etwas an Ihrer privaten, gesundheitlichen oder beruflichen Situation ver\u00e4ndern?<br \/>\nBrauchen Sie Hilfe bei anstehenden Entscheidungen?<br \/>\nSuchen Sie Unterst\u00fctzung bei der Bew\u00e4ltigung einer pers\u00f6nlichen Krise?<br \/>\n<b>Es gibt viele gute Gr\u00fcnde f\u00fcr ein Coaching!<\/b><br \/>\nEgal, ob Sie Ihr Berufsleben stressfreier gestalten wollen, eine neue Perspektive suchen, Burnout-Pr\u00e4vention brauchen oder eine neue (F\u00fchrungs-)Aufgabe haben. Coaching ist ein Werkzeug f\u00fcr die L\u00f6sung Ihrer Probleme.<br \/>\nSie suchen nach einer Praxis f\u00fcr begleitendes Coaching in Braunschweig, Gifhorn, Peine und Umgebung oder w\u00fcnschen Sie sich ungebunden vom Wohn- oder Arbeitsort ein Telefon\/Skype-Coaching?<br \/>\nIch unterst\u00fctze Menschen bei der Entwicklung und Entfaltung ihrer Pers\u00f6nlichkeit, Steigerung ihres Erfolges um sich in einer gesunden Arbeits- und Lebensbalance zu bewegen.&nbsp;Mein Coaching- und Beratungsangebot richtet sich an Privatpersonen, selbst\u00e4ndig- oder freiberuflich T\u00e4tige.<br \/>\nF\u00fcr jeden Menschen gibt es die M\u00f6glichkeit, sein Leben (noch) zufriedener, ausgeglichener, ges\u00fcnder oder erfolgreicher zu gestalten. Es liegt in Ihrer Hand.<br \/>\nSie sind herzlich eingeladen, sich auf meinen Seiten einfach umzuschauen. Wenn Sie das Gef\u00fchl haben, &#8222;bei mir ist irgendwie der Wurm drin und ich m\u00f6chte etwas ver\u00e4ndern&#8220;, wenn Sie sich angesprochen f\u00fchlen, dann freue ich mich darauf, von Ihnen zu h\u00f6ren oder zu lesen &#8211; und Sie kennenzulernen!<br \/>\nHerzliche Gr\u00fc\u00dfe,<br \/>\nIhr Frank Semrau<\/p>\n","protected":false},"excerpt":{"rendered":"<p>Sch\u00f6n, dass Sie mich gefunden haben! Sie m\u00f6chten etwas an Ihrer privaten, gesundheitlichen oder beruflichen Situation ver\u00e4ndern? Brauchen Sie Hilfe bei anstehenden Entscheidungen? Suchen Sie Unterst\u00fctzung bei der Bew\u00e4ltigung einer pers\u00f6nlichen Krise? Es gibt viele gute Gr\u00fcnde f\u00fcr ein Coaching! Egal, ob Sie Ihr Berufsleben stressfreier gestalten wollen, eine neue Perspektive suchen, Burnout-Pr\u00e4vention brauchen oder [&hellip;]<\/p>\n","protected":false},"author":48,"featured_media":86,"parent":0,"menu_order":0,"comment_status":"closed","ping_status":"open","template":"","meta":{"ocean_post_layout":"","ocean_both_sidebars_style":"","ocean_both_sidebars_content_width":0,"ocean_both_sidebars_sidebars_width":0,"ocean_sidebar":"0","ocean_second_sidebar":"0","ocean_disable_margins":"enable","ocean_add_body_class":"","ocean_shortcode_before_top_bar":"","ocean_shortcode_after_top_bar":"","ocean_shortcode_before_header":"","ocean_shortcode_after_header":"","ocean_has_shortcode":"","ocean_shortcode_after_title":"","ocean_shortcode_before_footer_widgets":"","ocean_shortcode_after_footer_widgets":"","ocean_shortcode_before_footer_bottom":"","ocean_shortcode_after_footer_bottom":"","ocean_display_top_bar":"off","ocean_display_header":"default","ocean_header_style":"","ocean_center_header_left_menu":"0","ocean_custom_header_template":"0","ocean_custom_logo":0,"ocean_custom_retina_logo":0,"ocean_custom_logo_max_width":0,"ocean_custom_logo_tablet_max_width":0,"ocean_custom_logo_mobile_max_width":0,"ocean_custom_logo_max_height":0,"ocean_custom_logo_tablet_max_height":0,"ocean_custom_logo_mobile_max_height":0,"ocean_header_custom_menu":"0","ocean_menu_typo_font_family":"0","ocean_menu_typo_font_subset":"","ocean_menu_typo_font_size":0,"ocean_menu_typo_font_size_tablet":0,"ocean_menu_typo_font_size_mobile":0,"ocean_menu_typo_font_size_unit":"px","ocean_menu_typo_font_weight":"","ocean_menu_typo_font_weight_tablet":"","ocean_menu_typo_font_weight_mobile":"","ocean_menu_typo_transform":"","ocean_menu_typo_transform_tablet":"","ocean_menu_typo_transform_mobile":"","ocean_menu_typo_line_height":0,"ocean_menu_typo_line_height_tablet":0,"ocean_menu_typo_line_height_mobile":0,"ocean_menu_typo_line_height_unit":"","ocean_menu_typo_spacing":0,"ocean_menu_typo_spacing_tablet":0,"ocean_menu_typo_spacing_mobile":0,"ocean_menu_typo_spacing_unit":"","ocean_menu_link_color":"","ocean_menu_link_color_hover":"","ocean_menu_link_color_active":"","ocean_menu_link_background":"","ocean_menu_link_hover_background":"","ocean_menu_link_active_background":"","ocean_menu_social_links_bg":"","ocean_menu_social_hover_links_bg":"","ocean_menu_social_links_color":"","ocean_menu_social_hover_links_color":"","ocean_disable_title":"on","ocean_disable_heading":"default","ocean_post_title":"","ocean_post_subheading":"","ocean_post_title_style":"","ocean_post_title_background_color":"","ocean_post_title_background":0,"ocean_post_title_bg_image_position":"","ocean_post_title_bg_image_attachment":"","ocean_post_title_bg_image_repeat":"","ocean_post_title_bg_image_size":"","ocean_post_title_height":0,"ocean_post_title_bg_overlay":0.5,"ocean_post_title_bg_overlay_color":"","ocean_disable_breadcrumbs":"default","ocean_breadcrumbs_color":"","ocean_breadcrumbs_separator_color":"","ocean_breadcrumbs_links_color":"","ocean_breadcrumbs_links_hover_color":"","ocean_display_footer_widgets":"default","ocean_display_footer_bottom":"default","ocean_custom_footer_template":"0","footnotes":""},"class_list":["post-2","page","type-page","status-publish","has-post-thumbnail","hentry","entry","has-media"],"_links":{"self":[{"href":"https:\/\/www.frank-semrau.de\/index.php?rest_route=\/wp\/v2\/pages\/2","targetHints":{"allow":["GET"]}}],"collection":[{"href":"https:\/\/www.frank-semrau.de\/index.php?rest_route=\/wp\/v2\/pages"}],"about":[{"href":"https:\/\/www.frank-semrau.de\/index.php?rest_route=\/wp\/v2\/types\/page"}],"author":[{"embeddable":true,"href":"https:\/\/www.frank-semrau.de\/index.php?rest_route=\/wp\/v2\/users\/48"}],"replies":[{"embeddable":true,"href":"https:\/\/www.frank-semrau.de\/index.php?rest_route=%2Fwp%2Fv2%2Fcomments&post=2"}],"version-history":[{"count":9,"href":"https:\/\/www.frank-semrau.de\/index.php?rest_route=\/wp\/v2\/pages\/2\/revisions"}],"predecessor-version":[{"id":194,"href":"https:\/\/www.frank-semrau.de\/index.php?rest_route=\/wp\/v2\/pages\/2\/revisions\/194"}],"wp:featuredmedia":[{"embeddable":true,"href":"https:\/\/www.frank-semrau.de\/index.php?rest_route=\/wp\/v2\/media\/86"}],"wp:attachment":[{"href":"https:\/\/www.frank-semrau.de\/index.php?rest_route=%2Fwp%2Fv2%2Fmedia&parent=2"}],"curies":[{"name":"wp","href":"https:\/\/api.w.org\/{rel}","templated":true}]}}