{"id":6,"date":"2014-11-23T17:36:24","date_gmt":"2014-11-23T15:36:24","guid":{"rendered":"http:\/\/www.frank-semrau.de\/?page_id=6"},"modified":"2022-02-11T18:30:30","modified_gmt":"2022-02-11T16:30:30","slug":"profil","status":"publish","type":"page","link":"https:\/\/www.frank-semrau.de\/?page_id=6","title":{"rendered":"Profil"},"content":{"rendered":"<style>\/*! elementor - v3.5.5 - 03-02-2022 *\/\n.elementor-widget-image{text-align:center}.elementor-widget-image a{display:inline-block}.elementor-widget-image a img[src$=\".svg\"]{width:48px}.elementor-widget-image img{vertical-align:middle;display:inline-block}<\/style>\n<p>\t\t\t\t\t\t\t\t\t\t\t\t<img decoding=\"async\" width=\"1024\" height=\"393\" src=\"https:\/\/www.frank-semrau.de\/wp-content\/uploads\/shutterstock_16371616_15mal_schnitt-1024x393.jpg\" alt=\"\" loading=\"lazy\" srcset=\"https:\/\/www.frank-semrau.de\/wp-content\/uploads\/shutterstock_16371616_15mal_schnitt-1024x393.jpg 1024w, https:\/\/www.frank-semrau.de\/wp-content\/uploads\/shutterstock_16371616_15mal_schnitt-500x192.jpg 500w, https:\/\/www.frank-semrau.de\/wp-content\/uploads\/shutterstock_16371616_15mal_schnitt-300x115.jpg 300w, https:\/\/www.frank-semrau.de\/wp-content\/uploads\/shutterstock_16371616_15mal_schnitt-200x76.jpg 200w, https:\/\/www.frank-semrau.de\/wp-content\/uploads\/shutterstock_16371616_15mal_schnitt.jpg 1498w\" sizes=\"auto, (max-width: 1024px) 100vw, 1024px\" \/><br \/>\n\t\t<a href=\"http:\/\/www.frank-semrau.de\/v2\/wp-content\/uploads\/20140501_175002.jpg\"><img loading=\"lazy\" decoding=\"async\" src=\"http:\/\/www.frank-semrau.de\/v2\/wp-content\/uploads\/20140501_175002-150x150.jpg\" alt=\"20140501_175002\" width=\"192\" height=\"192\"><\/a>Mir ist wichtig, dass Sie sich schon vor unserem ersten pers\u00f6nlichen Kontakt ein Bild von mir als Coach und Mensch machen k\u00f6nnen.<\/p>\n<p style=\"text-align: left;\">Eine grundlegende Voraussetzung f\u00fcr unsere gemeinsame Arbeit ist, dass die Chemie passt und &nbsp;Vertrauen vorhanden ist. Schlie\u00dflich geht es um offene, vertrauensvolle Zusammenarbeit mit pers\u00f6nlichen Inhalten. Und das gelingt am besten, wenn die Beteiligten einen guten Draht zueinander haben.<\/p>\n<p>Flexibilit\u00e4t, Eigenst\u00e4ndigkeit und Verantwortung sind die Werte, die mich in meiner Arbeit leiten. Meine Ausbildung als Personal-Coach ( IHK ) habe ich bei Christian Hanisch&nbsp; (European Business Ecademy (EBE), Goslar) absolviert.<br \/>\nAls Diplom-Physiker habe ich den Sprung nach dem Studium in den Finanzdienstleistungsbereich gewagt. Mein betriebswirtschaftliches Wissen vertiefte ich im Direktmarketing, parallel unterst\u00fctzt mit einem Fernstudium an der FernUni Hagen zum Diplom-Kaufmann.&nbsp;Im Jahr 1996 wechselte ich dann von der Fach- auf die IT-Seite, in der f\u00fcr mich immer die Umsetzung von fachlichen Fragen mit den technisch zur Verf\u00fcgung stehenden Mitteln stand. Dabei stand immer auch das Mitnehmen der Menschen im Vordergrund, da mit neuen Prozessen, Technologien auch immer \u00c4ngste bei solchen Ver\u00e4nderungsprozessen verbunden sind.<br \/>\nDie Entwicklung der Ressourcen von Menschen, das Projektmanagement, die strukturierte Erarbeitung von L\u00f6sungen sowie die Konfliktbew\u00e4ltigung geh\u00f6ren seither zu meinen Kompetenzen. Diese F\u00e4higkeiten setze ich heute als F\u00fchrungskraft bei der <a href=\"http:\/\/www.vwfsag.de\/content\/sites\/vwcorporate\/vwfsag_de\/de\/home.html\">Volkswagen Financial Services AG<\/a> ein.<br \/>\nAls freiberuflicher Coach mache ich meine Erfahrungen und meine F\u00e4higkeiten auch Ihnen&nbsp;in pers\u00f6nlichen und beruflichen Entwicklungsprozessen zug\u00e4nglich.<\/p>\n","protected":false},"excerpt":{"rendered":"<p>Mir ist wichtig, dass Sie sich schon vor unserem ersten pers\u00f6nlichen Kontakt ein Bild von mir als Coach und Mensch machen k\u00f6nnen. Eine grundlegende Voraussetzung f\u00fcr unsere gemeinsame Arbeit ist, dass die Chemie passt und &nbsp;Vertrauen vorhanden ist. Schlie\u00dflich geht es um offene, vertrauensvolle Zusammenarbeit mit pers\u00f6nlichen Inhalten. Und das gelingt am besten, wenn die [&hellip;]<\/p>\n","protected":false},"author":48,"featured_media":0,"parent":0,"menu_order":0,"comment_status":"closed","ping_status":"open","template":"","meta":{"ocean_post_layout":"","ocean_both_sidebars_style":"","ocean_both_sidebars_content_width":0,"ocean_both_sidebars_sidebars_width":0,"ocean_sidebar":"0","ocean_second_sidebar":"0","ocean_disable_margins":"enable","ocean_add_body_class":"","ocean_shortcode_before_top_bar":"","ocean_shortcode_after_top_bar":"","ocean_shortcode_before_header":"","ocean_shortcode_after_header":"","ocean_has_shortcode":"","ocean_shortcode_after_title":"","ocean_shortcode_before_footer_widgets":"","ocean_shortcode_after_footer_widgets":"","ocean_shortcode_before_footer_bottom":"","ocean_shortcode_after_footer_bottom":"","ocean_display_top_bar":"off","ocean_display_header":"default","ocean_header_style":"","ocean_center_header_left_menu":"0","ocean_custom_header_template":"0","ocean_custom_logo":0,"ocean_custom_retina_logo":0,"ocean_custom_logo_max_width":0,"ocean_custom_logo_tablet_max_width":0,"ocean_custom_logo_mobile_max_width":0,"ocean_custom_logo_max_height":0,"ocean_custom_logo_tablet_max_height":0,"ocean_custom_logo_mobile_max_height":0,"ocean_header_custom_menu":"0","ocean_menu_typo_font_family":"0","ocean_menu_typo_font_subset":"","ocean_menu_typo_font_size":0,"ocean_menu_typo_font_size_tablet":0,"ocean_menu_typo_font_size_mobile":0,"ocean_menu_typo_font_size_unit":"px","ocean_menu_typo_font_weight":"","ocean_menu_typo_font_weight_tablet":"","ocean_menu_typo_font_weight_mobile":"","ocean_menu_typo_transform":"","ocean_menu_typo_transform_tablet":"","ocean_menu_typo_transform_mobile":"","ocean_menu_typo_line_height":0,"ocean_menu_typo_line_height_tablet":0,"ocean_menu_typo_line_height_mobile":0,"ocean_menu_typo_line_height_unit":"","ocean_menu_typo_spacing":0,"ocean_menu_typo_spacing_tablet":0,"ocean_menu_typo_spacing_mobile":0,"ocean_menu_typo_spacing_unit":"","ocean_menu_link_color":"","ocean_menu_link_color_hover":"","ocean_menu_link_color_active":"","ocean_menu_link_background":"","ocean_menu_link_hover_background":"","ocean_menu_link_active_background":"","ocean_menu_social_links_bg":"","ocean_menu_social_hover_links_bg":"","ocean_menu_social_links_color":"","ocean_menu_social_hover_links_color":"","ocean_disable_title":"on","ocean_disable_heading":"default","ocean_post_title":"","ocean_post_subheading":"","ocean_post_title_style":"","ocean_post_title_background_color":"","ocean_post_title_background":0,"ocean_post_title_bg_image_position":"","ocean_post_title_bg_image_attachment":"","ocean_post_title_bg_image_repeat":"","ocean_post_title_bg_image_size":"","ocean_post_title_height":0,"ocean_post_title_bg_overlay":0.5,"ocean_post_title_bg_overlay_color":"","ocean_disable_breadcrumbs":"default","ocean_breadcrumbs_color":"","ocean_breadcrumbs_separator_color":"","ocean_breadcrumbs_links_color":"","ocean_breadcrumbs_links_hover_color":"","ocean_display_footer_widgets":"default","ocean_display_footer_bottom":"default","ocean_custom_footer_template":"0","footnotes":""},"class_list":["post-6","page","type-page","status-publish","hentry","entry"],"_links":{"self":[{"href":"https:\/\/www.frank-semrau.de\/index.php?rest_route=\/wp\/v2\/pages\/6","targetHints":{"allow":["GET"]}}],"collection":[{"href":"https:\/\/www.frank-semrau.de\/index.php?rest_route=\/wp\/v2\/pages"}],"about":[{"href":"https:\/\/www.frank-semrau.de\/index.php?rest_route=\/wp\/v2\/types\/page"}],"author":[{"embeddable":true,"href":"https:\/\/www.frank-semrau.de\/index.php?rest_route=\/wp\/v2\/users\/48"}],"replies":[{"embeddable":true,"href":"https:\/\/www.frank-semrau.de\/index.php?rest_route=%2Fwp%2Fv2%2Fcomments&post=6"}],"version-history":[{"count":10,"href":"https:\/\/www.frank-semrau.de\/index.php?rest_route=\/wp\/v2\/pages\/6\/revisions"}],"predecessor-version":[{"id":204,"href":"https:\/\/www.frank-semrau.de\/index.php?rest_route=\/wp\/v2\/pages\/6\/revisions\/204"}],"wp:attachment":[{"href":"https:\/\/www.frank-semrau.de\/index.php?rest_route=%2Fwp%2Fv2%2Fmedia&parent=6"}],"curies":[{"name":"wp","href":"https:\/\/api.w.org\/{rel}","templated":true}]}}