{"id":8,"date":"2014-11-23T17:36:42","date_gmt":"2014-11-23T15:36:42","guid":{"rendered":"http:\/\/www.frank-semrau.de\/?page_id=8"},"modified":"2022-02-11T17:52:27","modified_gmt":"2022-02-11T15:52:27","slug":"kompetenzen","status":"publish","type":"page","link":"https:\/\/www.frank-semrau.de\/?page_id=8","title":{"rendered":"Kompetenzen"},"content":{"rendered":"<p>Jede\/r Zweite hat Stress am Arbeitsplatz und k\u00e4mpft mit starkem Termin- und Leistungsdruck. Coaching unterst\u00fctzt Sie dabei, aus der Stressfalle auszusteigen und ein bewussteres (Arbeits-)Leben zu f\u00fchren.<\/p>\n<p>Coaching ist aber auch ein Sprungbrett f\u00fcr Ihre k\u00fcnftige berufliche und pers\u00f6nliche Entwicklung. Coaching ist erfolgreich, weil Sie mit Ihrem Coach nur \u00fcber das Thema sprechen, was Sie gerade bewegt. Konzentriert und strukturiert. Nehmen Sie sich Zeit, damit Sie weiterkommen \u2013 die Richtung und das Tempo bestimmen Sie dabei selbst.<\/p>\n<p><b>Kompetenzen<\/b><\/p>\n<ul>\n<li>Personal Coach (IHK), Zertifizierung durch die IHK &nbsp;Braunschweig<\/li>\n<li>NLP-Practitioner (IN)<\/li>\n<li>Business Coach (EBE)<\/li>\n<li>Projektmanager<\/li>\n<li>Dipl.-Physiker (TU Braunschweig)<\/li>\n<li>Dipl.-Kaufmann (FernUniversit\u00e4t Hagen)<\/li>\n<\/ul>\n<p><b>Fortbildungen<\/b><\/p>\n<ul>\n<li>emotionSync (C. Hanisch, Goslar)<\/li>\n<\/ul>\n<p><b>Mitgliedschaften<\/b><\/p>\n<ul>\n<li>NLP-Practitioner im International Association of NLP Institutes<\/li>\n<li>VCTG &#8211; Verband f\u00fcr Coaching und Training im Gesundheitswesen<\/li>\n<\/ul>\n<p>Im Coaching arbeite ich meist in Einzelsitzungen. Die Dauer einer Sitzung variiert je nach Absprache zwischen 120 und 180 Minuten.<\/p>\n","protected":false},"excerpt":{"rendered":"<p>Jede\/r Zweite hat Stress am Arbeitsplatz und k\u00e4mpft mit starkem Termin- und Leistungsdruck. Coaching unterst\u00fctzt Sie dabei, aus der Stressfalle auszusteigen und ein bewussteres (Arbeits-)Leben zu f\u00fchren. Coaching ist aber auch ein Sprungbrett f\u00fcr Ihre k\u00fcnftige berufliche und pers\u00f6nliche Entwicklung. Coaching ist erfolgreich, weil Sie mit Ihrem Coach nur \u00fcber das Thema sprechen, was Sie [&hellip;]<\/p>\n","protected":false},"author":48,"featured_media":87,"parent":0,"menu_order":0,"comment_status":"closed","ping_status":"open","template":"","meta":{"ocean_post_layout":"","ocean_both_sidebars_style":"","ocean_both_sidebars_content_width":0,"ocean_both_sidebars_sidebars_width":0,"ocean_sidebar":"0","ocean_second_sidebar":"0","ocean_disable_margins":"enable","ocean_add_body_class":"","ocean_shortcode_before_top_bar":"","ocean_shortcode_after_top_bar":"","ocean_shortcode_before_header":"","ocean_shortcode_after_header":"","ocean_has_shortcode":"","ocean_shortcode_after_title":"","ocean_shortcode_before_footer_widgets":"","ocean_shortcode_after_footer_widgets":"","ocean_shortcode_before_footer_bottom":"","ocean_shortcode_after_footer_bottom":"","ocean_display_top_bar":"off","ocean_display_header":"default","ocean_header_style":"","ocean_center_header_left_menu":"0","ocean_custom_header_template":"0","ocean_custom_logo":0,"ocean_custom_retina_logo":0,"ocean_custom_logo_max_width":0,"ocean_custom_logo_tablet_max_width":0,"ocean_custom_logo_mobile_max_width":0,"ocean_custom_logo_max_height":0,"ocean_custom_logo_tablet_max_height":0,"ocean_custom_logo_mobile_max_height":0,"ocean_header_custom_menu":"0","ocean_menu_typo_font_family":"0","ocean_menu_typo_font_subset":"","ocean_menu_typo_font_size":0,"ocean_menu_typo_font_size_tablet":0,"ocean_menu_typo_font_size_mobile":0,"ocean_menu_typo_font_size_unit":"px","ocean_menu_typo_font_weight":"","ocean_menu_typo_font_weight_tablet":"","ocean_menu_typo_font_weight_mobile":"","ocean_menu_typo_transform":"","ocean_menu_typo_transform_tablet":"","ocean_menu_typo_transform_mobile":"","ocean_menu_typo_line_height":0,"ocean_menu_typo_line_height_tablet":0,"ocean_menu_typo_line_height_mobile":0,"ocean_menu_typo_line_height_unit":"","ocean_menu_typo_spacing":0,"ocean_menu_typo_spacing_tablet":0,"ocean_menu_typo_spacing_mobile":0,"ocean_menu_typo_spacing_unit":"","ocean_menu_link_color":"","ocean_menu_link_color_hover":"","ocean_menu_link_color_active":"","ocean_menu_link_background":"","ocean_menu_link_hover_background":"","ocean_menu_link_active_background":"","ocean_menu_social_links_bg":"","ocean_menu_social_hover_links_bg":"","ocean_menu_social_links_color":"","ocean_menu_social_hover_links_color":"","ocean_disable_title":"on","ocean_disable_heading":"default","ocean_post_title":"","ocean_post_subheading":"","ocean_post_title_style":"","ocean_post_title_background_color":"","ocean_post_title_background":0,"ocean_post_title_bg_image_position":"","ocean_post_title_bg_image_attachment":"","ocean_post_title_bg_image_repeat":"","ocean_post_title_bg_image_size":"","ocean_post_title_height":0,"ocean_post_title_bg_overlay":0.5,"ocean_post_title_bg_overlay_color":"","ocean_disable_breadcrumbs":"default","ocean_breadcrumbs_color":"","ocean_breadcrumbs_separator_color":"","ocean_breadcrumbs_links_color":"","ocean_breadcrumbs_links_hover_color":"","ocean_display_footer_widgets":"default","ocean_display_footer_bottom":"default","ocean_custom_footer_template":"0","footnotes":""},"class_list":["post-8","page","type-page","status-publish","has-post-thumbnail","hentry","entry","has-media"],"_links":{"self":[{"href":"https:\/\/www.frank-semrau.de\/index.php?rest_route=\/wp\/v2\/pages\/8","targetHints":{"allow":["GET"]}}],"collection":[{"href":"https:\/\/www.frank-semrau.de\/index.php?rest_route=\/wp\/v2\/pages"}],"about":[{"href":"https:\/\/www.frank-semrau.de\/index.php?rest_route=\/wp\/v2\/types\/page"}],"author":[{"embeddable":true,"href":"https:\/\/www.frank-semrau.de\/index.php?rest_route=\/wp\/v2\/users\/48"}],"replies":[{"embeddable":true,"href":"https:\/\/www.frank-semrau.de\/index.php?rest_route=%2Fwp%2Fv2%2Fcomments&post=8"}],"version-history":[{"count":5,"href":"https:\/\/www.frank-semrau.de\/index.php?rest_route=\/wp\/v2\/pages\/8\/revisions"}],"predecessor-version":[{"id":161,"href":"https:\/\/www.frank-semrau.de\/index.php?rest_route=\/wp\/v2\/pages\/8\/revisions\/161"}],"wp:featuredmedia":[{"embeddable":true,"href":"https:\/\/www.frank-semrau.de\/index.php?rest_route=\/wp\/v2\/media\/87"}],"wp:attachment":[{"href":"https:\/\/www.frank-semrau.de\/index.php?rest_route=%2Fwp%2Fv2%2Fmedia&parent=8"}],"curies":[{"name":"wp","href":"https:\/\/api.w.org\/{rel}","templated":true}]}}